{"id":3,"date":"2023-03-30T16:45:24","date_gmt":"2023-03-30T14:45:24","guid":{"rendered":"https:\/\/www.nordicboatsecurity.com\/?page_id=3"},"modified":"2023-04-06T12:41:27","modified_gmt":"2023-04-06T10:41:27","slug":"integritetspolicy","status":"publish","type":"page","link":"https:\/\/www.nordicboatsecurity.com\/en\/integritetspolicy\/","title":{"rendered":"Integrity policy (Swedish)"},"content":{"rendered":"<h2 class=\"wp-block-heading\">Integritetspolicy (senaste uppdatering: 2023-03-01)<\/h2>\n\n\n\n<p>Vi p\u00e5 Nordic Boat Security vill att Du skall k\u00e4nna Dig trygg med hur Vi hanterar Dina personuppgifter. Dataskyddslagen, GDPR (General Data Protection Regulation) ger Dig som kund ut\u00f6kade r\u00e4ttigheter. Det inneb\u00e4r att Du f\u00e5r b\u00e4ttre kontroll \u00f6ver Vilka personuppgifter f\u00f6retag och organisationer har om Dig och hur dessa f\u00e5r anv\u00e4ndas.<\/p>\n\n\n\n<p>Vi \u00e4r transparenta med hur Vi samlar in, behandlar och sparar Dina personuppgifter. Denna typ av information beh\u00f6ver Vi f\u00f6r att exempelvis fullg\u00f6ra leverans av Din k\u00f6pta tj\u00e4nst eller produkt samt skicka Dig eventuella nyhetsbrev, anpassade erbjudanden eller Vid behov \u00f6vriga \u00e4renden.<\/p>\n\n\n\n<p>Nordic Boat Security AB\u2019s integritetspolicy f\u00f6r behandling av personuppgifter.<\/p>\n\n\n\n<h2 class=\"wp-block-heading\">Personuppgiftsansvarig<\/h2>\n\n\n\n<p>Nordic Boat Security AB (h\u00e4danefter: \u201dNordic Boat Security\u201d, \u201cNBS\u201d eller \u201cVi\u201d) org.nr. 559347-4611, G\u00e4stgivarv\u00e4gen 8, 954 33 Gammelstad \u00e4r personuppgiftsansvarig f\u00f6r behandling av personuppgifter i Nordic Boat Security\u2019s databas, eventuella webbutiker, administrationssystem m.m.<\/p>\n\n\n\n<h2 class=\"wp-block-heading\">\u00c4ndam\u00e5l med registrering och behandling av personuppgifter<\/h2>\n\n\n\n<p>Du skall k\u00e4nna Dig trygg n\u00e4r Du l\u00e4mnar personuppgifter till Nordic Boat Security. All behandling av personuppgifter sker enligt g\u00e4llande lagstiftning och Vi vidtar l\u00f6pande \u00e5tg\u00e4rder f\u00f6r att skydda Dina personuppgifter. NBS huvudsakliga \u00e4ndam\u00e5l f\u00f6r registrering och behandling av personuppgifter \u00e4r som f\u00f6ljande, utan s\u00e4rskild ordning:<\/p>\n\n\n\n<ul class=\"wp-block-list\">\n<li>F\u00f6r att kunna hantera best\u00e4llning och k\u00f6p\n<ul class=\"wp-block-list\">\n<li>F\u00f6r att Vi skall kunna fullg\u00f6ra V\u00e5rt antagande enligt k\u00f6peavtalet, om uppgifterna inte l\u00e4mnas kan V\u00e5ra \u00e5taganden inte fullg\u00f6ras och Vi kan tvingas neka Dig k\u00f6pet.<\/li>\n<\/ul>\n<\/li>\n\n\n\n<li>F\u00f6r att kunna fullg\u00f6ra och tillgodose NBS\u2019s r\u00e4ttsliga f\u00f6rpliktelser\n<ul class=\"wp-block-list\">\n<li>F\u00f6r att enligt lagkrav kunna uppfylla de r\u00e4ttsliga f\u00f6rpliktelser NBS har gentemot lagen.<\/li>\n<\/ul>\n<\/li>\n\n\n\n<li>F\u00f6r att kunna hantera kundservice\u00e4renden\n<ul class=\"wp-block-list\">\n<li>Kommunikation och utredning av eventuella fr\u00e5gor till kundservice Via telefon, e-post eller \u00f6vriga Digitala kanaler s\u00e5som sociala medier.<\/li>\n<\/ul>\n<\/li>\n\n\n\n<li>F\u00f6r att kunna utv\u00e4rdera, utveckla och f\u00f6rb\u00e4ttra V\u00e5ra tj\u00e4nster\n<ul class=\"wp-block-list\">\n<li>Uppgifterna behandlas p\u00e5 grundval av V\u00e5rt ber\u00e4ttigade intresse att utveckla verksamheten och d\u00e4rtill h\u00f6rande tj\u00e4nster, produktutbud samt kommunikativa och anv\u00e4ndarv\u00e4nliga system.<\/li>\n<\/ul>\n<\/li>\n\n\n\n<li>F\u00f6r att kunna f\u00f6rhindra missbruk av en tj\u00e4nst eller f\u00f6r att f\u00f6rhindra, f\u00f6rebygga och utreda brott mot f\u00f6retaget Nordic Boat Security AB.\n<ul class=\"wp-block-list\">\n<li>F\u00f6rhindrandet och utredning av eventuella bedr\u00e4gerier eller andra lag\u00f6vertr\u00e4delser. Skydd och f\u00f6rb\u00e4ttring av V\u00e5r IT-milj\u00f6 mot angrepp och intr\u00e5ng.<\/li>\n<\/ul>\n<\/li>\n\n\n\n<li>F\u00f6r att kunna administrera Din abonnerade tj\u00e4nst\n<ul class=\"wp-block-list\">\n<li>S\u00e4kerst\u00e4llande av identitet. Skapande av eventuell inloggningsfunktion eller tj\u00e4nst. Uppr\u00e4tth\u00e5llandet av korrekta och uppdaterade uppgifter.<\/li>\n<\/ul>\n<\/li>\n<\/ul>\n\n\n\n<h2 class=\"wp-block-heading\">K\u00e4nsliga personuppgifter<\/h2>\n\n\n\n<p>Nordic Boat Security registrerar inte k\u00e4nsliga personuppgifter. Om Du sj\u00e4lv l\u00e4mnar s\u00e5dan information som kan avses vara av k\u00e4nslig karakt\u00e4r eller natur f\u00f6ruts\u00e4tter Nordic Boat Security att Du vill att Vi registrerar dessa uppgifter.<\/p>\n\n\n\n<h2 class=\"wp-block-heading\">Vilka personuppgifter behandlar Nordic Boat Security?<\/h2>\n\n\n\n<p>Nordic Boat Security kan komma att behandla f\u00f6ljande:<\/p>\n\n\n\n<ul class=\"wp-block-list\">\n<li>Name<\/li>\n\n\n\n<li>Person- och\/eller Organisationsnummer<\/li>\n\n\n\n<li>Adressuppgifter<\/li>\n\n\n\n<li>Phone number<\/li>\n\n\n\n<li>E-mail adress<\/li>\n\n\n\n<li>Land<\/li>\n\n\n\n<li>Larmuppgifter: serienummer, produktnummer, telefonnummer, pinkod<\/li>\n\n\n\n<li>Fordonsuppgifter f\u00f6r den\/de fordon i Vilket\/Vilka systemet\/systemen \u00e4r installerat\/installerade i.<\/li>\n\n\n\n<li>F\u00f6rs\u00e4kringsuppgifter f\u00f6r den\/de fordon i Vilket\/Vilka systemet\/systemen \u00e4r installerat\/installerade i.<\/li>\n<\/ul>\n\n\n\n<p>I \u00f6vrigt anv\u00e4nder sig Nordic Boat Security endast av Dina personuppgifter f\u00f6r det \u00e4ndam\u00e5l f\u00f6r Vilket Du l\u00e4mnat dem.<\/p>\n\n\n\n<h2 class=\"wp-block-heading\">Samtycke Vid behandling av personuppgifter<\/h2>\n\n\n\n<p>I enlighet med personuppgiftslagen\/GDPR registrerar Vi inga uppgifter utan Ditt samtycke. Genom att Du tecknar ett abonnemang, k\u00f6per en vara eller tj\u00e4nst, anm\u00e4ler Dig till eventuella nyhetsbrev, skickar e-post eller fysisk post till Nordic Boat Security AB, godk\u00e4nner Du att Vi lagrar Dina uppgifter. Du har alltid r\u00e4tt att \u00e5terkalla Ditt godk\u00e4nnande Via e-post till <a href=\"mailto:info@nordicboatsecurity.se\">info@nordicboatsecurity.se<\/a><\/p>\n\n\n\n<h2 class=\"wp-block-heading\">Vilka kan komma att f\u00e5 tillg\u00e5ng till Dina personuppgifter?<\/h2>\n\n\n\n<p>I den utstr\u00e4ckning som kr\u00e4vs f\u00f6r att Vi skall kunna administrerar och till viss del leverera v\u00e5ra tj\u00e4nster delar Vi i vissa fall helt eller delvis Dina personuppgifter med s\u00e5 kallade personuppgiftsbitr\u00e4den. Exempelvis samarbetspartners, marknadsf\u00f6ring, betall\u00f6sningar eller i de fall det kr\u00e4vs av lag, f\u00f6rordning eller myndighetsbeslut.<\/p>\n\n\n\n<p>Ett personuppgiftsbitr\u00e4de \u00e4r ett f\u00f6retag som behandlar information f\u00f6r V\u00e5r r\u00e4kning i enlighet med V\u00e5ra instruktioner och de har inte r\u00e4tt att anv\u00e4nda uppgifterna till andra \u00e4ndam\u00e5l \u00e4n vad som avtalats i instruktionerna. Genom avtal f\u00f6rbinder de sig att garantera s\u00e4kerheten f\u00f6r de personuppgifter som behandlas och \u00e5tar sig att f\u00f6lja v\u00e5ra s\u00e4kerhetskrav och vidta vissa tekniska- och organisatoriska \u00e5tg\u00e4rder f\u00f6r att skydda Dina personuppgifter.<\/p>\n\n\n\n<h2 class=\"wp-block-heading\">Dina r\u00e4ttigheter<\/h2>\n\n\n\n<h3 class=\"wp-block-heading\">R\u00e4tt till registerutdrag<\/h3>\n\n\n\n<p>Du har r\u00e4tt att kostnadsfritt f\u00e5 information om vilka personuppgifter om Dig som behandlas av Nordic Boat Security i ett maskinl\u00e4sbart format.<\/p>\n\n\n\n<p>Nordic Boat Security kan komma att kr\u00e4va verifierings\u00e5tg\u00e4rder f\u00f6r att s\u00e4kerst\u00e4lla Din identitet i syfte att motverka att personuppgifter l\u00e4mnas ut till, eller \u00e4ndras av, fel part.<\/p>\n\n\n\n<p>T\u00e4nk p\u00e5 att ifall Vi mottar en beg\u00e4ran om registerutdrag kan Vi komma att fr\u00e5ga om ytterligare uppgifter f\u00f6r att s\u00e4kerst\u00e4lla en effektiv hantering av Din beg\u00e4ran och att informationen l\u00e4mnas till r\u00e4tt person.<\/p>\n\n\n\n<h3 class=\"wp-block-heading\">R\u00e4tt till \u00e4ndring<\/h3>\n\n\n\n<p>Du kan beg\u00e4ra att Dina personuppgifter r\u00e4ttas ifall uppgifterna \u00e4r felaktiga. Inom ramen f\u00f6r det angivna \u00e4ndam\u00e5let har Du ocks\u00e5 r\u00e4tt att komplettera eventuellt ofullst\u00e4ndiga uppgifter.<\/p>\n\n\n\n<h3 class=\"wp-block-heading\">R\u00e4tt till radering<\/h3>\n\n\n\n<p>Du kan n\u00e4r som helst beg\u00e4ra radering av Dina personuppgifter som Vi behandlar. Vi kan \u00e4ven p\u00e5 eget initiativ r\u00e4tta eller radera uppgifter som \u00e4r felaktiga eller begr\u00e4nsa behandlingen av s\u00e5dana uppgifter.<\/p>\n\n\n\n<p>Du har \u00e4ven r\u00e4tt att beg\u00e4ra att Dina uppgifter inte behandlas f\u00f6r direktmarknadsf\u00f6rings\u00e4ndam\u00e5l.<\/p>\n\n\n\n<p>Vi kan ha r\u00e4tt att neka Din beg\u00e4ran ifall det finns legala skyldigheter som hindrar Nordic Boat Security fr\u00e5n att omedelbart radera Vissa personuppgifter. Dessa skyldigheter kan exempelvis vara bokf\u00f6rings- och skattelagstiftning, bank- och penningtv\u00e4ttslagstiftning samt konsumentr\u00e4ttlagstiftningen.<\/p>\n\n\n\n<h2 class=\"wp-block-heading\">Sparande av personuppgifter<\/h2>\n\n\n\n<p>Vi sparar Dina personuppgifter s\u00e5 l\u00e4nge det beh\u00f6vs f\u00f6r att Vi skall kunna fullg\u00f6ra det \u00e5tagande som slutits mellan Nordic Boat Security och Dig, eller beroende p\u00e5 legala skyldigheter. Normalt raderas Dina uppgifter omg\u00e5ende efter avslutad tj\u00e4nst men dock senast 24 m\u00e5nader efter avslutad hantering, s\u00e5 l\u00e4nge som inget lagkravshinder f\u00f6religger. Uppgifter som behandlas i syfte att utveckla, analysera och marknadsf\u00f6ra Nordic Boat Security\u2019s verksamhet sparas i tolv (12) m\u00e5nader efter den senast tagna kontakten.<\/p>\n\n\n\n<h2 class=\"wp-block-heading\">Cookiepolicy och hur Nordic Boat Security anv\u00e4nder sig av cookies<\/h2>\n\n\n\n<p>Denna cookiepolicy kommer att f\u00f6rklara hur v\u00e5r organisation anv\u00e4nder cookies n\u00e4r Du anv\u00e4nder v\u00e5r webbplats.<\/p>\n\n\n\n<h3 class=\"wp-block-heading\">Vad \u00e4r Cookies?<\/h3>\n\n\n\n<p>Cookies \u00e4r textfiler som placeras p\u00e5 Din dator f\u00f6r att samla in standardinformation internetlogg och information om bes\u00f6karnas beteende. N\u00e4r Du bes\u00f6ker v\u00e5ra webbplatser kan Vi samla in information fr\u00e5n Dig automatiskt Via cookies eller liknande teknik.<\/p>\n\n\n\n<h3 class=\"wp-block-heading\">Hur anv\u00e4nder Vi cookies?<\/h3>\n\n\n\n<p>Nordic Boat Security anv\u00e4nder cookies f\u00f6r att f\u00f6rb\u00e4ttra Din upplevelse p\u00e5 v\u00e5r webbplats samt f\u00f6rst\u00e5 hur Du anv\u00e4nder v\u00e5r hemsida.<\/p>\n\n\n\n<h3 class=\"wp-block-heading\">Vilka typer av cookies anv\u00e4nder Vi?<\/h3>\n\n\n\n<p>Det finns ett antal olika typer av cookies, dock anv\u00e4nder v\u00e5r webbplats:<\/p>\n\n\n\n<ul class=\"wp-block-list\">\n<li>Funktionalitet \u2014 Nordic Boat Security anv\u00e4nder dessa cookies s\u00e5 att Vi k\u00e4nner igen Dig p\u00e5 v\u00e5r webbplats och kommer ih\u00e5g Dina tidigare valda preferenser. Dessa kan omfatta Vilket spr\u00e5k Du f\u00f6redrar, den plats Du befinner Dig i eller l\u00e5ta anv\u00e4ndaren lyssna p\u00e5 ljud eller titta p\u00e5 en Video. En blandning av cookies fr\u00e5n f\u00f6rsta part och tredje part anv\u00e4nds.<\/li>\n\n\n\n<li>Statistik \u2013 Nordic Boat Security anv\u00e4nder dessa cookies f\u00f6r att samla in information om anv\u00e4ndningen av webbplatsen, till exempel bes\u00f6kta sidor, trafikk\u00e4llor, inneh\u00e5llshantering och andra webbplatsm\u00e4tningar.<\/li>\n\n\n\n<li>Marknadsf\u00f6ring \u2014 Nordic Boat Security anv\u00e4nder dessa cookies f\u00f6r att samla in information om anv\u00e4ndaren s\u00e5som Din \u00e5lder, k\u00f6n och intresse. Nordic Boat Security delar ibland Vissa begr\u00e4nsade aspekter av dessa data med tredje part i reklamsyfte, till exempel Google. Informationen kan omfatta anv\u00e4ndarens plats, s\u00f6khistorik, YouTube-historik och data fr\u00e5n webbplatser som fungerar med Google, och den anv\u00e4nds f\u00f6r att tillhandah\u00e5lla aggregerade och anonymiserade insikter om anv\u00e4ndarbeteende p\u00e5 flera enheter.<\/li>\n\n\n\n<li>N\u00f6dv\u00e4ndigt \u2013 Nordic Boat Security anv\u00e4nder dessa cookies f\u00f6r att webbplatsen ska fungera korrekt. Denna kategori omfattar endast cookies som s\u00e4kerst\u00e4ller grundl\u00e4ggande funktioner och s\u00e4kerhetsfunktioner p\u00e5 webbplatsen, s\u00e5som att Visa inneh\u00e5ll, validera Din session och andra funktioner. Dessa cookies sparar ingen personlig information.<\/li>\n<\/ul>\n\n\n\n<p>F\u00f6r ytterligare information, bes\u00f6k <a href=\"https:\/\/allaboutcookies.org\/\" target=\"_blank\" rel=\"noreferrer noopener\">allaboutcookies.org<\/a>.<\/p>\n\n\n\n<h2 class=\"wp-block-heading\">Datainspektionen<\/h2>\n\n\n\n<p>Integritetsskyddsmyndigheten \u2013 Datainspektionen \u00e4r ansvarig f\u00f6r att \u00f6vervaka till\u00e4mpningen av lagstiftningen. Om Du anser att Nordic Boat Security hanterar Dina personuppgifter i strid mot g\u00e4llande lagstiftning eller om Du \u00e4r missn\u00f6jd med Nordic Boat Security\u2019s behandling har Du m\u00f6jlighet att l\u00e4mna in ett klagom\u00e5l till Datainspektionen.<\/p>\n\n\n\n<h2 class=\"wp-block-heading\">Kontaktuppgifter till Nordic Boat Security AB<\/h2>\n\n\n\n<p>Vi tar integritetsfr\u00e5gor och dataskydd p\u00e5 st\u00f6rsta allvar, det inneb\u00e4r alltid en risk att l\u00e4mna ut personuppgifter \u00f6ver internet. Inga IT-system \u00e4r helt skyddade fr\u00e5n intr\u00e5ng.<\/p>\n\n\n\n<p>Vid fr\u00e5gor har kan Du kontakta Nordic Boat Security via e-post till <a href=\"mailto:info@nordicboatsecurity.se\">info@nordicboatsecurity.se<\/a> eller via post till:<\/p>\n\n\n\n<p>Nordic Boat Security AB<br>G\u00e4stgivarv\u00e4gen 8<br>954 33, Gammelstad, Sverige<\/p>","protected":false},"excerpt":{"rendered":"<p>Integritetspolicy (senaste uppdatering: 2023-03-01) Vi p\u00e5 Nordic Boat Security vill att Du skall k\u00e4nna Dig trygg med hur Vi hanterar Dina personuppgifter. Dataskyddslagen, GDPR (General Data Protection Regulation) ger Dig som kund ut\u00f6kade r\u00e4ttigheter. Det inneb\u00e4r att Du f\u00e5r b\u00e4ttre kontroll \u00f6ver Vilka personuppgifter f\u00f6retag och organisationer har om Dig och hur dessa f\u00e5r anv\u00e4ndas&#8230;.<\/p>","protected":false},"author":1,"featured_media":0,"parent":0,"menu_order":0,"comment_status":"closed","ping_status":"closed","template":"","meta":{"_kadence_starter_templates_imported_post":false,"_kad_post_transparent":"","_kad_post_title":"","_kad_post_layout":"","_kad_post_sidebar_id":"","_kad_post_content_style":"","_kad_post_vertical_padding":"","_kad_post_feature":"","_kad_post_feature_position":"","_kad_post_header":false,"_kad_post_footer":false,"_kad_post_classname":"","footnotes":""},"class_list":["post-3","page","type-page","status-publish","hentry"],"jetpack_sharing_enabled":true,"_links":{"self":[{"href":"https:\/\/www.nordicboatsecurity.com\/en\/wp-json\/wp\/v2\/pages\/3","targetHints":{"allow":["GET"]}}],"collection":[{"href":"https:\/\/www.nordicboatsecurity.com\/en\/wp-json\/wp\/v2\/pages"}],"about":[{"href":"https:\/\/www.nordicboatsecurity.com\/en\/wp-json\/wp\/v2\/types\/page"}],"author":[{"embeddable":true,"href":"https:\/\/www.nordicboatsecurity.com\/en\/wp-json\/wp\/v2\/users\/1"}],"replies":[{"embeddable":true,"href":"https:\/\/www.nordicboatsecurity.com\/en\/wp-json\/wp\/v2\/comments?post=3"}],"version-history":[{"count":5,"href":"https:\/\/www.nordicboatsecurity.com\/en\/wp-json\/wp\/v2\/pages\/3\/revisions"}],"predecessor-version":[{"id":798,"href":"https:\/\/www.nordicboatsecurity.com\/en\/wp-json\/wp\/v2\/pages\/3\/revisions\/798"}],"wp:attachment":[{"href":"https:\/\/www.nordicboatsecurity.com\/en\/wp-json\/wp\/v2\/media?parent=3"}],"curies":[{"name":"wp","href":"https:\/\/api.w.org\/{rel}","templated":true}]}}